{"id":31,"date":"2024-04-17T11:13:24","date_gmt":"2024-04-17T11:13:24","guid":{"rendered":"https:\/\/carlossebastiao.com\/?page_id=31"},"modified":"2024-04-17T11:13:24","modified_gmt":"2024-04-17T11:13:24","slug":"villa-das-neves","status":"publish","type":"page","link":"https:\/\/carlossebastiao.com\/en\/villa-das-neves\/","title":{"rendered":"Villa das Neves"},"content":{"rendered":"","protected":false},"excerpt":{"rendered":"","protected":false},"author":1,"featured_media":158,"parent":0,"menu_order":0,"comment_status":"closed","ping_status":"closed","template":"template-viladasneves.php","meta":{"footnotes":""},"class_list":["post-31","page","type-page","status-publish","has-post-thumbnail","hentry"],"acf":[],"yoast_head":"<!-- This site is optimized with the Yoast SEO plugin v21.3 - https:\/\/yoast.com\/wordpress\/plugins\/seo\/ -->\n<title>Villa das Neves - Carlos Alberto Tavares Sebasti\u00e3o e Filhos, Lda<\/title>\n<meta name=\"description\" content=\"O loteamento da Vila das Neves s\u00e3o um conjunto de moradias ideais para recome\u00e7ar a sua vida. J\u00e1 conhece as nossas constru\u00e7\u00f5es?\" \/>\n<meta name=\"robots\" content=\"index, follow, max-snippet:-1, max-image-preview:large, max-video-preview:-1\" \/>\n<link rel=\"canonical\" href=\"https:\/\/carlossebastiao.com\/en\/villa-das-neves\/\" \/>\n<meta property=\"og:locale\" content=\"en_US\" \/>\n<meta property=\"og:type\" content=\"article\" \/>\n<meta property=\"og:title\" content=\"Villa das Neves - Carlos Alberto Tavares Sebasti\u00e3o e Filhos, Lda\" \/>\n<meta property=\"og:description\" content=\"O loteamento da Vila das Neves s\u00e3o um conjunto de moradias ideais para recome\u00e7ar a sua vida. J\u00e1 conhece as nossas constru\u00e7\u00f5es?\" \/>\n<meta property=\"og:url\" content=\"https:\/\/carlossebastiao.com\/en\/villa-das-neves\/\" \/>\n<meta property=\"og:site_name\" content=\"Carlos Alberto Tavares Sebasti\u00e3o e Filhos, Lda\" \/>\n<meta property=\"og:image\" content=\"https:\/\/carlossebastiao.com\/wp-content\/uploads\/2023\/09\/14525222-1324660354213704-1572499271417007671-o.jpeg\" \/>\n\t<meta property=\"og:image:width\" content=\"1036\" \/>\n\t<meta property=\"og:image:height\" content=\"917\" \/>\n\t<meta property=\"og:image:type\" content=\"image\/jpeg\" \/>\n<meta name=\"twitter:card\" content=\"summary_large_image\" \/>\n<script type=\"application\/ld+json\" class=\"yoast-schema-graph\">{\"@context\":\"https:\/\/schema.org\",\"@graph\":[{\"@type\":\"WebPage\",\"@id\":\"https:\/\/carlossebastiao.com\/villa-das-neves\/\",\"url\":\"https:\/\/carlossebastiao.com\/villa-das-neves\/\",\"name\":\"Villa das Neves - Carlos Alberto Tavares Sebasti\u00e3o e Filhos, Lda\",\"isPartOf\":{\"@id\":\"https:\/\/carlossebastiao.com\/#website\"},\"datePublished\":\"2024-04-17T11:13:24+00:00\",\"dateModified\":\"2024-04-17T11:13:24+00:00\",\"description\":\"O loteamento da Vila das Neves s\u00e3o um conjunto de moradias ideais para recome\u00e7ar a sua vida. J\u00e1 conhece as nossas constru\u00e7\u00f5es?\",\"breadcrumb\":{\"@id\":\"https:\/\/carlossebastiao.com\/villa-das-neves\/#breadcrumb\"},\"inLanguage\":\"en-US\",\"potentialAction\":[{\"@type\":\"ReadAction\",\"target\":[\"https:\/\/carlossebastiao.com\/villa-das-neves\/\"]}]},{\"@type\":\"BreadcrumbList\",\"@id\":\"https:\/\/carlossebastiao.com\/villa-das-neves\/#breadcrumb\",\"itemListElement\":[{\"@type\":\"ListItem\",\"position\":1,\"name\":\"In\u00edcio\",\"item\":\"https:\/\/carlossebastiao.com\/\"},{\"@type\":\"ListItem\",\"position\":2,\"name\":\"Villa das Neves\"}]},{\"@type\":\"WebSite\",\"@id\":\"https:\/\/carlossebastiao.com\/#website\",\"url\":\"https:\/\/carlossebastiao.com\/\",\"name\":\"Carlos Alberto Tavares Sebasti\u00e3o e Filhos, Lda\",\"description\":\"Materiais de constru\u00e7\u00e3o, Constru\u00e7\u00e3o Civil, Loja de ferragens, Carpintaria em S\u00e3o Miguel A\u00e7ores\",\"publisher\":{\"@id\":\"https:\/\/carlossebastiao.com\/#organization\"},\"potentialAction\":[{\"@type\":\"SearchAction\",\"target\":{\"@type\":\"EntryPoint\",\"urlTemplate\":\"https:\/\/carlossebastiao.com\/?s={search_term_string}\"},\"query-input\":\"required name=search_term_string\"}],\"inLanguage\":\"en-US\"},{\"@type\":\"Organization\",\"@id\":\"https:\/\/carlossebastiao.com\/#organization\",\"name\":\"Carlos Alberto Tavares Sebasti\u00e3o e Filhos, Lda\",\"url\":\"https:\/\/carlossebastiao.com\/\",\"logo\":{\"@type\":\"ImageObject\",\"inLanguage\":\"en-US\",\"@id\":\"https:\/\/carlossebastiao.com\/#\/schema\/logo\/image\/\",\"url\":\"https:\/\/carlossebastiao.com\/wp-content\/uploads\/2023\/09\/logo-carlossebastiao.png\",\"contentUrl\":\"https:\/\/carlossebastiao.com\/wp-content\/uploads\/2023\/09\/logo-carlossebastiao.png\",\"width\":400,\"height\":166,\"caption\":\"Carlos Alberto Tavares Sebasti\u00e3o e Filhos, Lda\"},\"image\":{\"@id\":\"https:\/\/carlossebastiao.com\/#\/schema\/logo\/image\/\"}}]}<\/script>\n<!-- \/ Yoast SEO plugin. -->","yoast_head_json":{"title":"Villa das Neves - Carlos Alberto Tavares Sebasti\u00e3o e Filhos, Lda","description":"O loteamento da Vila das Neves s\u00e3o um conjunto de moradias ideais para recome\u00e7ar a sua vida. J\u00e1 conhece as nossas constru\u00e7\u00f5es?","robots":{"index":"index","follow":"follow","max-snippet":"max-snippet:-1","max-image-preview":"max-image-preview:large","max-video-preview":"max-video-preview:-1"},"canonical":"https:\/\/carlossebastiao.com\/en\/villa-das-neves\/","og_locale":"en_US","og_type":"article","og_title":"Villa das Neves - Carlos Alberto Tavares Sebasti\u00e3o e Filhos, Lda","og_description":"O loteamento da Vila das Neves s\u00e3o um conjunto de moradias ideais para recome\u00e7ar a sua vida. J\u00e1 conhece as nossas constru\u00e7\u00f5es?","og_url":"https:\/\/carlossebastiao.com\/en\/villa-das-neves\/","og_site_name":"Carlos Alberto Tavares Sebasti\u00e3o e Filhos, Lda","og_image":[{"width":1036,"height":917,"url":"https:\/\/carlossebastiao.com\/wp-content\/uploads\/2023\/09\/14525222-1324660354213704-1572499271417007671-o.jpeg","type":"image\/jpeg"}],"twitter_card":"summary_large_image","schema":{"@context":"https:\/\/schema.org","@graph":[{"@type":"WebPage","@id":"https:\/\/carlossebastiao.com\/villa-das-neves\/","url":"https:\/\/carlossebastiao.com\/villa-das-neves\/","name":"Villa das Neves - Carlos Alberto Tavares Sebasti\u00e3o e Filhos, Lda","isPartOf":{"@id":"https:\/\/carlossebastiao.com\/#website"},"datePublished":"2024-04-17T11:13:24+00:00","dateModified":"2024-04-17T11:13:24+00:00","description":"O loteamento da Vila das Neves s\u00e3o um conjunto de moradias ideais para recome\u00e7ar a sua vida. J\u00e1 conhece as nossas constru\u00e7\u00f5es?","breadcrumb":{"@id":"https:\/\/carlossebastiao.com\/villa-das-neves\/#breadcrumb"},"inLanguage":"en-US","potentialAction":[{"@type":"ReadAction","target":["https:\/\/carlossebastiao.com\/villa-das-neves\/"]}]},{"@type":"BreadcrumbList","@id":"https:\/\/carlossebastiao.com\/villa-das-neves\/#breadcrumb","itemListElement":[{"@type":"ListItem","position":1,"name":"In\u00edcio","item":"https:\/\/carlossebastiao.com\/"},{"@type":"ListItem","position":2,"name":"Villa das Neves"}]},{"@type":"WebSite","@id":"https:\/\/carlossebastiao.com\/#website","url":"https:\/\/carlossebastiao.com\/","name":"Carlos Alberto Tavares Sebasti\u00e3o e Filhos, Lda","description":"Materiais de constru\u00e7\u00e3o, Constru\u00e7\u00e3o Civil, Loja de ferragens, Carpintaria em S\u00e3o Miguel A\u00e7ores","publisher":{"@id":"https:\/\/carlossebastiao.com\/#organization"},"potentialAction":[{"@type":"SearchAction","target":{"@type":"EntryPoint","urlTemplate":"https:\/\/carlossebastiao.com\/?s={search_term_string}"},"query-input":"required name=search_term_string"}],"inLanguage":"en-US"},{"@type":"Organization","@id":"https:\/\/carlossebastiao.com\/#organization","name":"Carlos Alberto Tavares Sebasti\u00e3o e Filhos, Lda","url":"https:\/\/carlossebastiao.com\/","logo":{"@type":"ImageObject","inLanguage":"en-US","@id":"https:\/\/carlossebastiao.com\/#\/schema\/logo\/image\/","url":"https:\/\/carlossebastiao.com\/wp-content\/uploads\/2023\/09\/logo-carlossebastiao.png","contentUrl":"https:\/\/carlossebastiao.com\/wp-content\/uploads\/2023\/09\/logo-carlossebastiao.png","width":400,"height":166,"caption":"Carlos Alberto Tavares Sebasti\u00e3o e Filhos, Lda"},"image":{"@id":"https:\/\/carlossebastiao.com\/#\/schema\/logo\/image\/"}}]}},"_links":{"self":[{"href":"https:\/\/carlossebastiao.com\/en\/wp-json\/wp\/v2\/pages\/31","targetHints":{"allow":["GET"]}}],"collection":[{"href":"https:\/\/carlossebastiao.com\/en\/wp-json\/wp\/v2\/pages"}],"about":[{"href":"https:\/\/carlossebastiao.com\/en\/wp-json\/wp\/v2\/types\/page"}],"author":[{"embeddable":true,"href":"https:\/\/carlossebastiao.com\/en\/wp-json\/wp\/v2\/users\/1"}],"replies":[{"embeddable":true,"href":"https:\/\/carlossebastiao.com\/en\/wp-json\/wp\/v2\/comments?post=31"}],"version-history":[{"count":5,"href":"https:\/\/carlossebastiao.com\/en\/wp-json\/wp\/v2\/pages\/31\/revisions"}],"predecessor-version":[{"id":2817712,"href":"https:\/\/carlossebastiao.com\/en\/wp-json\/wp\/v2\/pages\/31\/revisions\/2817712"}],"wp:featuredmedia":[{"embeddable":true,"href":"https:\/\/carlossebastiao.com\/en\/wp-json\/wp\/v2\/media\/158"}],"wp:attachment":[{"href":"https:\/\/carlossebastiao.com\/en\/wp-json\/wp\/v2\/media?parent=31"}],"curies":[{"name":"wp","href":"https:\/\/api.w.org\/{rel}","templated":true}]}}