{"id":2815050,"date":"2024-01-15T11:42:44","date_gmt":"2024-01-15T11:42:44","guid":{"rendered":"https:\/\/carlossebastiao.com\/produto\/base-duche-quadr-pousar-gold-80x80x5-texturado-s-valvula\/"},"modified":"2025-06-12T11:54:12","modified_gmt":"2025-06-12T11:54:12","slug":"base-duche-quadr-pousar-gold-80x80x5-texturado-s-valvula","status":"publish","type":"product","link":"https:\/\/carlossebastiao.com\/en\/product\/base-duche-quadr-pousar-gold-80x80x5-texturado-s-valvula\/","title":{"rendered":"Base Duche Quadr. Pousar Gold 80x80x5 Texturado S\/Valvula"},"content":{"rendered":"","protected":false},"excerpt":{"rendered":"","protected":false},"featured_media":2825555,"template":"","meta":[],"product_cat":[51],"product_tag":[],"class_list":["post-2815050","product","type-product","status-publish","has-post-thumbnail","hentry","product_cat-loucas-sanitarias"],"acf":[],"yoast_head":"<!-- This site is optimized with the Yoast SEO plugin v21.3 - https:\/\/yoast.com\/wordpress\/plugins\/seo\/ -->\n<title>Base Duche Quadr. Pousar Gold 80x80x5 Texturado S\/Valvula Carlos Alberto Tavares Sebasti\u00e3o e Filhos, Lda -<\/title>\n<meta name=\"robots\" content=\"index, follow, max-snippet:-1, max-image-preview:large, max-video-preview:-1\" \/>\n<link rel=\"canonical\" href=\"https:\/\/carlossebastiao.com\/en\/product\/base-duche-quadr-pousar-gold-80x80x5-texturado-s-valvula\/\" \/>\n<meta property=\"og:locale\" content=\"en_US\" \/>\n<meta property=\"og:type\" content=\"article\" \/>\n<meta property=\"og:title\" content=\"Base Duche Quadr. Pousar Gold 80x80x5 Texturado S\/Valvula Carlos Alberto Tavares Sebasti\u00e3o e Filhos, Lda -\" \/>\n<meta property=\"og:url\" content=\"https:\/\/carlossebastiao.com\/en\/product\/base-duche-quadr-pousar-gold-80x80x5-texturado-s-valvula\/\" \/>\n<meta property=\"og:site_name\" content=\"Carlos Alberto Tavares Sebasti\u00e3o e Filhos, Lda\" \/>\n<meta property=\"article:modified_time\" content=\"2025-06-12T11:54:12+00:00\" \/>\n<meta property=\"og:image\" content=\"https:\/\/carlossebastiao.com\/wp-content\/uploads\/imagens\/analisadas\/27831.jpg\" \/>\n\t<meta property=\"og:image:width\" content=\"742\" \/>\n\t<meta property=\"og:image:height\" content=\"965\" \/>\n\t<meta property=\"og:image:type\" content=\"image\/jpeg\" \/>\n<meta name=\"twitter:card\" content=\"summary_large_image\" \/>\n<script type=\"application\/ld+json\" class=\"yoast-schema-graph\">{\"@context\":\"https:\/\/schema.org\",\"@graph\":[{\"@type\":\"WebPage\",\"@id\":\"https:\/\/carlossebastiao.com\/produto\/base-duche-quadr-pousar-gold-80x80x5-texturado-s-valvula\/\",\"url\":\"https:\/\/carlossebastiao.com\/produto\/base-duche-quadr-pousar-gold-80x80x5-texturado-s-valvula\/\",\"name\":\"Base Duche Quadr. Pousar Gold 80x80x5 Texturado S\/Valvula Carlos Alberto Tavares Sebasti\u00e3o e Filhos, Lda -\",\"isPartOf\":{\"@id\":\"https:\/\/carlossebastiao.com\/#website\"},\"datePublished\":\"2024-01-15T11:42:44+00:00\",\"dateModified\":\"2025-06-12T11:54:12+00:00\",\"breadcrumb\":{\"@id\":\"https:\/\/carlossebastiao.com\/produto\/base-duche-quadr-pousar-gold-80x80x5-texturado-s-valvula\/#breadcrumb\"},\"inLanguage\":\"en-US\",\"potentialAction\":[{\"@type\":\"ReadAction\",\"target\":[\"https:\/\/carlossebastiao.com\/produto\/base-duche-quadr-pousar-gold-80x80x5-texturado-s-valvula\/\"]}]},{\"@type\":\"BreadcrumbList\",\"@id\":\"https:\/\/carlossebastiao.com\/produto\/base-duche-quadr-pousar-gold-80x80x5-texturado-s-valvula\/#breadcrumb\",\"itemListElement\":[{\"@type\":\"ListItem\",\"position\":1,\"name\":\"In\u00edcio\",\"item\":\"https:\/\/carlossebastiao.com\/\"},{\"@type\":\"ListItem\",\"position\":2,\"name\":\"Loja Online\",\"item\":\"https:\/\/carlossebastiao.com\/loja-online\/\"},{\"@type\":\"ListItem\",\"position\":3,\"name\":\"Base Duche Quadr. Pousar Gold 80x80x5 Texturado S\/Valvula\"}]},{\"@type\":\"WebSite\",\"@id\":\"https:\/\/carlossebastiao.com\/#website\",\"url\":\"https:\/\/carlossebastiao.com\/\",\"name\":\"Carlos Alberto Tavares Sebasti\u00e3o e Filhos, Lda\",\"description\":\"Materiais de constru\u00e7\u00e3o, Constru\u00e7\u00e3o Civil, Loja de ferragens, Carpintaria em S\u00e3o Miguel A\u00e7ores\",\"publisher\":{\"@id\":\"https:\/\/carlossebastiao.com\/#organization\"},\"potentialAction\":[{\"@type\":\"SearchAction\",\"target\":{\"@type\":\"EntryPoint\",\"urlTemplate\":\"https:\/\/carlossebastiao.com\/?s={search_term_string}\"},\"query-input\":\"required name=search_term_string\"}],\"inLanguage\":\"en-US\"},{\"@type\":\"Organization\",\"@id\":\"https:\/\/carlossebastiao.com\/#organization\",\"name\":\"Carlos Alberto Tavares Sebasti\u00e3o e Filhos, Lda\",\"url\":\"https:\/\/carlossebastiao.com\/\",\"logo\":{\"@type\":\"ImageObject\",\"inLanguage\":\"en-US\",\"@id\":\"https:\/\/carlossebastiao.com\/#\/schema\/logo\/image\/\",\"url\":\"https:\/\/carlossebastiao.com\/wp-content\/uploads\/2023\/09\/logo-carlossebastiao.png\",\"contentUrl\":\"https:\/\/carlossebastiao.com\/wp-content\/uploads\/2023\/09\/logo-carlossebastiao.png\",\"width\":400,\"height\":166,\"caption\":\"Carlos Alberto Tavares Sebasti\u00e3o e Filhos, Lda\"},\"image\":{\"@id\":\"https:\/\/carlossebastiao.com\/#\/schema\/logo\/image\/\"}}]}<\/script>\n<!-- \/ Yoast SEO plugin. -->","yoast_head_json":{"title":"Base Duche Quadr. Pousar Gold 80x80x5 Texturado S\/Valvula Carlos Alberto Tavares Sebasti\u00e3o e Filhos, Lda -","robots":{"index":"index","follow":"follow","max-snippet":"max-snippet:-1","max-image-preview":"max-image-preview:large","max-video-preview":"max-video-preview:-1"},"canonical":"https:\/\/carlossebastiao.com\/en\/product\/base-duche-quadr-pousar-gold-80x80x5-texturado-s-valvula\/","og_locale":"en_US","og_type":"article","og_title":"Base Duche Quadr. Pousar Gold 80x80x5 Texturado S\/Valvula Carlos Alberto Tavares Sebasti\u00e3o e Filhos, Lda -","og_url":"https:\/\/carlossebastiao.com\/en\/product\/base-duche-quadr-pousar-gold-80x80x5-texturado-s-valvula\/","og_site_name":"Carlos Alberto Tavares Sebasti\u00e3o e Filhos, Lda","article_modified_time":"2025-06-12T11:54:12+00:00","og_image":[{"url":"https:\/\/carlossebastiao.com\/wp-content\/uploads\/imagens\/analisadas\/27831.jpg","width":742,"height":965,"type":"image\/jpeg"}],"twitter_card":"summary_large_image","schema":{"@context":"https:\/\/schema.org","@graph":[{"@type":"WebPage","@id":"https:\/\/carlossebastiao.com\/produto\/base-duche-quadr-pousar-gold-80x80x5-texturado-s-valvula\/","url":"https:\/\/carlossebastiao.com\/produto\/base-duche-quadr-pousar-gold-80x80x5-texturado-s-valvula\/","name":"Base Duche Quadr. Pousar Gold 80x80x5 Texturado S\/Valvula Carlos Alberto Tavares Sebasti\u00e3o e Filhos, Lda -","isPartOf":{"@id":"https:\/\/carlossebastiao.com\/#website"},"datePublished":"2024-01-15T11:42:44+00:00","dateModified":"2025-06-12T11:54:12+00:00","breadcrumb":{"@id":"https:\/\/carlossebastiao.com\/produto\/base-duche-quadr-pousar-gold-80x80x5-texturado-s-valvula\/#breadcrumb"},"inLanguage":"en-US","potentialAction":[{"@type":"ReadAction","target":["https:\/\/carlossebastiao.com\/produto\/base-duche-quadr-pousar-gold-80x80x5-texturado-s-valvula\/"]}]},{"@type":"BreadcrumbList","@id":"https:\/\/carlossebastiao.com\/produto\/base-duche-quadr-pousar-gold-80x80x5-texturado-s-valvula\/#breadcrumb","itemListElement":[{"@type":"ListItem","position":1,"name":"In\u00edcio","item":"https:\/\/carlossebastiao.com\/"},{"@type":"ListItem","position":2,"name":"Loja Online","item":"https:\/\/carlossebastiao.com\/loja-online\/"},{"@type":"ListItem","position":3,"name":"Base Duche Quadr. Pousar Gold 80x80x5 Texturado S\/Valvula"}]},{"@type":"WebSite","@id":"https:\/\/carlossebastiao.com\/#website","url":"https:\/\/carlossebastiao.com\/","name":"Carlos Alberto Tavares Sebasti\u00e3o e Filhos, Lda","description":"Materiais de constru\u00e7\u00e3o, Constru\u00e7\u00e3o Civil, Loja de ferragens, Carpintaria em S\u00e3o Miguel A\u00e7ores","publisher":{"@id":"https:\/\/carlossebastiao.com\/#organization"},"potentialAction":[{"@type":"SearchAction","target":{"@type":"EntryPoint","urlTemplate":"https:\/\/carlossebastiao.com\/?s={search_term_string}"},"query-input":"required name=search_term_string"}],"inLanguage":"en-US"},{"@type":"Organization","@id":"https:\/\/carlossebastiao.com\/#organization","name":"Carlos Alberto Tavares Sebasti\u00e3o e Filhos, Lda","url":"https:\/\/carlossebastiao.com\/","logo":{"@type":"ImageObject","inLanguage":"en-US","@id":"https:\/\/carlossebastiao.com\/#\/schema\/logo\/image\/","url":"https:\/\/carlossebastiao.com\/wp-content\/uploads\/2023\/09\/logo-carlossebastiao.png","contentUrl":"https:\/\/carlossebastiao.com\/wp-content\/uploads\/2023\/09\/logo-carlossebastiao.png","width":400,"height":166,"caption":"Carlos Alberto Tavares Sebasti\u00e3o e Filhos, Lda"},"image":{"@id":"https:\/\/carlossebastiao.com\/#\/schema\/logo\/image\/"}}]}},"_links":{"self":[{"href":"https:\/\/carlossebastiao.com\/en\/wp-json\/wp\/v2\/product\/2815050","targetHints":{"allow":["GET"]}}],"collection":[{"href":"https:\/\/carlossebastiao.com\/en\/wp-json\/wp\/v2\/product"}],"about":[{"href":"https:\/\/carlossebastiao.com\/en\/wp-json\/wp\/v2\/types\/product"}],"wp:featuredmedia":[{"embeddable":true,"href":"https:\/\/carlossebastiao.com\/en\/wp-json\/wp\/v2\/media\/2825555"}],"wp:attachment":[{"href":"https:\/\/carlossebastiao.com\/en\/wp-json\/wp\/v2\/media?parent=2815050"}],"wp:term":[{"taxonomy":"product_cat","embeddable":true,"href":"https:\/\/carlossebastiao.com\/en\/wp-json\/wp\/v2\/product_cat?post=2815050"},{"taxonomy":"product_tag","embeddable":true,"href":"https:\/\/carlossebastiao.com\/en\/wp-json\/wp\/v2\/product_tag?post=2815050"}],"curies":[{"name":"wp","href":"https:\/\/api.w.org\/{rel}","templated":true}]}}